{"id":19,"date":"2014-08-27T12:43:54","date_gmt":"2014-08-27T10:43:54","guid":{"rendered":"http:\/\/professorkuttner.de\/?page_id=19"},"modified":"2023-05-03T23:44:07","modified_gmt":"2023-05-03T21:44:07","slug":"live","status":"publish","type":"page","link":"https:\/\/empire-in-dust.de\/website\/live\/","title":{"rendered":"Live"},"content":{"rendered":"<h2>EiD&nbsp;on Stage<\/h2>\n<p><strong>Empire in Dust<\/strong> verf\u00fcgen \u00fcber jahrelange Live-Erfahrung und waren sowohl in Deutschlands gro\u00dfen St\u00e4dten als auch international (Polen, Israel) auf der B\u00fchne. Bei Konzerten erwarten den Besucher ein variationsreiches Set und eine leidenschaftliche Gesangsperformance.<\/p>\n<p><strong>Aktuelle Live-Besetzung:<\/strong> Manuel: Gesang + Paula: Keyboard<\/p>\n<p>ngg_shortcode_1_placeholder<strong>Live-Fotos vom Nordstern Festival (2013) in der damaligen Besetzung mit Alina und Lars.<br \/>\n<\/strong><\/p>\n<p><a href=\"https:\/\/empire-in-dust.de\/website\/wp-content\/uploads\/2014\/08\/eid_stage1_manuel.jpg\" target=\"_blank\" rel=\"noopener\"><img fetchpriority=\"high\" decoding=\"async\" class=\"alignnone wp-image-567 size-medium\" src=\"https:\/\/empire-in-dust.de\/website\/wp-content\/uploads\/2014\/08\/eid_stage1_manuel-200x300.jpg\" alt=\"eid_stage1_manuel\" width=\"200\" height=\"300\" srcset=\"https:\/\/empire-in-dust.de\/website\/wp-content\/uploads\/2014\/08\/eid_stage1_manuel-200x300.jpg 200w, https:\/\/empire-in-dust.de\/website\/wp-content\/uploads\/2014\/08\/eid_stage1_manuel-683x1024.jpg 683w\" sizes=\"(max-width: 200px) 100vw, 200px\" \/><\/a>&nbsp; <a href=\"https:\/\/empire-in-dust.de\/website\/wp-content\/uploads\/2014\/08\/eid_stage2_alina.jpg\" target=\"_blank\" rel=\"noopener\"><img decoding=\"async\" class=\"alignnone wp-image-568 size-medium\" src=\"https:\/\/empire-in-dust.de\/website\/wp-content\/uploads\/2014\/08\/eid_stage2_alina-200x300.jpg\" alt=\"eid_stage2_alina\" width=\"200\" height=\"300\" srcset=\"https:\/\/empire-in-dust.de\/website\/wp-content\/uploads\/2014\/08\/eid_stage2_alina-200x300.jpg 200w, https:\/\/empire-in-dust.de\/website\/wp-content\/uploads\/2014\/08\/eid_stage2_alina-683x1024.jpg 683w\" sizes=\"(max-width: 200px) 100vw, 200px\" \/><\/a>&nbsp;&nbsp;<a href=\"https:\/\/empire-in-dust.de\/website\/wp-content\/uploads\/2014\/08\/eid_stage3_lars.jpg\" target=\"_blank\" rel=\"noopener\"><img decoding=\"async\" class=\"alignnone wp-image-569 size-medium\" src=\"https:\/\/empire-in-dust.de\/website\/wp-content\/uploads\/2014\/08\/eid_stage3_lars-200x300.jpg\" alt=\"eid_stage3_lars\" width=\"200\" height=\"300\" srcset=\"https:\/\/empire-in-dust.de\/website\/wp-content\/uploads\/2014\/08\/eid_stage3_lars-200x300.jpg 200w, https:\/\/empire-in-dust.de\/website\/wp-content\/uploads\/2014\/08\/eid_stage3_lars-683x1024.jpg 683w\" sizes=\"(max-width: 200px) 100vw, 200px\" \/><\/a><\/p>\n<p><a href=\"http:\/\/www.black-cat-net.de\/galerie\/musiklive\/konzerte\/711-live-empire-in-dust-nordstern-festival-hamburg-12-07-2013\" target=\"_blank\" rel=\"noopener\"><img loading=\"lazy\" decoding=\"async\" class=\"alignnone wp-image-547 size-medium\" src=\"https:\/\/empire-in-dust.de\/website\/wp-content\/uploads\/2014\/08\/DSC4267_klein-300x201.jpg\" alt=\"Empire In Dust beim Nordstern Festival am 12.07.2013 in der Markthalle(Marx) Hamburg\" width=\"300\" height=\"201\" srcset=\"https:\/\/empire-in-dust.de\/website\/wp-content\/uploads\/2014\/08\/DSC4267_klein-300x201.jpg 300w, https:\/\/empire-in-dust.de\/website\/wp-content\/uploads\/2014\/08\/DSC4267_klein-449x300.jpg 449w, https:\/\/empire-in-dust.de\/website\/wp-content\/uploads\/2014\/08\/DSC4267_klein.jpg 600w\" sizes=\"(max-width: 300px) 100vw, 300px\" \/><\/a>&nbsp;&nbsp;<a href=\"http:\/\/www.black-cat-net.de\/galerie\/musiklive\/konzerte\/711-live-empire-in-dust-nordstern-festival-hamburg-12-07-2013\" target=\"_blank\" rel=\"noopener\"><img loading=\"lazy\" decoding=\"async\" class=\"alignnone wp-image-549 size-medium\" src=\"https:\/\/empire-in-dust.de\/website\/wp-content\/uploads\/2014\/08\/eid-nordstern-300x200.jpg\" alt=\"\" width=\"300\" height=\"200\" srcset=\"https:\/\/empire-in-dust.de\/website\/wp-content\/uploads\/2014\/08\/eid-nordstern-300x200.jpg 300w, https:\/\/empire-in-dust.de\/website\/wp-content\/uploads\/2014\/08\/eid-nordstern-451x300.jpg 451w, https:\/\/empire-in-dust.de\/website\/wp-content\/uploads\/2014\/08\/eid-nordstern.jpg 598w\" sizes=\"(max-width: 300px) 100vw, 300px\" \/><\/a><\/p>\n","protected":false},"excerpt":{"rendered":"<p>EiD&nbsp;on Stage Empire in Dust verf\u00fcgen \u00fcber jahrelange Live-Erfahrung und waren sowohl in Deutschlands gro\u00dfen St\u00e4dten als auch international (Polen, Israel) auf der B\u00fchne. Bei Konzerten erwarten den Besucher ein variationsreiches Set und eine leidenschaftliche Gesangsperformance. Aktuelle Live-Besetzung: Manuel: Gesang &hellip; <a class=\"more-link\" href=\"https:\/\/empire-in-dust.de\/website\/live\/\">Weiterlesen <span class=\"meta-nav\">&rarr;<\/span><\/a><\/p>\n","protected":false},"author":2,"featured_media":0,"parent":0,"menu_order":15,"comment_status":"closed","ping_status":"closed","template":"","meta":{"ngg_post_thumbnail":0,"footnotes":""},"class_list":["post-19","page","type-page","status-publish","hentry"],"aioseo_notices":[],"_links":{"self":[{"href":"https:\/\/empire-in-dust.de\/website\/wp-json\/wp\/v2\/pages\/19","targetHints":{"allow":["GET"]}}],"collection":[{"href":"https:\/\/empire-in-dust.de\/website\/wp-json\/wp\/v2\/pages"}],"about":[{"href":"https:\/\/empire-in-dust.de\/website\/wp-json\/wp\/v2\/types\/page"}],"author":[{"embeddable":true,"href":"https:\/\/empire-in-dust.de\/website\/wp-json\/wp\/v2\/users\/2"}],"replies":[{"embeddable":true,"href":"https:\/\/empire-in-dust.de\/website\/wp-json\/wp\/v2\/comments?post=19"}],"version-history":[{"count":30,"href":"https:\/\/empire-in-dust.de\/website\/wp-json\/wp\/v2\/pages\/19\/revisions"}],"predecessor-version":[{"id":814,"href":"https:\/\/empire-in-dust.de\/website\/wp-json\/wp\/v2\/pages\/19\/revisions\/814"}],"wp:attachment":[{"href":"https:\/\/empire-in-dust.de\/website\/wp-json\/wp\/v2\/media?parent=19"}],"curies":[{"name":"wp","href":"https:\/\/api.w.org\/{rel}","templated":true}]}}