{"id":11,"date":"2014-08-27T12:38:03","date_gmt":"2014-08-27T10:38:03","guid":{"rendered":"http:\/\/professorkuttner.de\/?page_id=11"},"modified":"2023-12-11T20:15:44","modified_gmt":"2023-12-11T19:15:44","slug":"info","status":"publish","type":"page","link":"https:\/\/empire-in-dust.de\/website\/info\/","title":{"rendered":"Info"},"content":{"rendered":"<h2>2023: Produktion von Riven<\/h2>\n<p>Riven wird das neue Album von Empire in Dust hei\u00dfen. Paula st\u00f6\u00dft als &#8222;Keyboarderin in Ausbildung&#8220; zur Band. Die ersten neuen Songs werden in Tel Aviv im Mai uraufgef\u00fchrt \u2013 mit fantastischer Resonanz. Die St\u00fccke wirken ausgereifter, facettenreicher und zugleich mehr &#8222;auf den Punkt&#8220;.<\/p>\n\n\n<figure class=\"wp-block-image size-large\"><a href=\"https:\/\/empire-in-dust.de\/website\/wp-content\/uploads\/2023\/06\/empire-in-dust-julianka.jpg\"><img fetchpriority=\"high\" decoding=\"async\" width=\"1024\" height=\"928\" src=\"https:\/\/empire-in-dust.de\/website\/wp-content\/uploads\/2023\/06\/empire-in-dust-julianka-1024x928.jpg\" alt=\"\" class=\"wp-image-827\" srcset=\"https:\/\/empire-in-dust.de\/website\/wp-content\/uploads\/2023\/06\/empire-in-dust-julianka-1024x928.jpg 1024w, https:\/\/empire-in-dust.de\/website\/wp-content\/uploads\/2023\/06\/empire-in-dust-julianka-300x272.jpg 300w, https:\/\/empire-in-dust.de\/website\/wp-content\/uploads\/2023\/06\/empire-in-dust-julianka-768x696.jpg 768w, https:\/\/empire-in-dust.de\/website\/wp-content\/uploads\/2023\/06\/empire-in-dust-julianka-331x300.jpg 331w, https:\/\/empire-in-dust.de\/website\/wp-content\/uploads\/2023\/06\/empire-in-dust-julianka.jpg 1524w\" sizes=\"(max-width: 1024px) 100vw, 1024px\" \/><\/a><\/figure>\n\n\n<p>&nbsp;<\/p>\n<h2>Herbst 2018: Neustart<\/h2>\n<p>Nach l\u00e4ngerer Pause beginnen bei EiD die Arbeiten an neuem Material. Nach der lang-erwarteten Ver\u00f6ffentlichung des aktuellen Albums A Place to Rest im Herbst 2015, entschlossen sich die bisherigen Mitglieder Alina (Live-Keyboard, Gesang) und Lars (Live-Bass) bei EiD auszusteigen, um k\u00fcnftig den Fokus auf andere wichtige Projekten des Lebens zu legen. EiD-Founder Manuel beginnt im Herbst 2018 mit den Arbeiten&nbsp; an einer neuen Ver\u00f6ffentlichung. Details zu Form, Titel oder ein Ver\u00f6ffentlichungsdatum sind noch nicht bekannt.<\/p>\n<h2>&nbsp;<\/h2>\n<h2>Herbst 2015: A Place to Rest<\/h2>\n<p>Das Deb\u00fctalbum von <strong>Empire in Dust<\/strong> hei\u00dft <strong>A Place to Rest<\/strong><span class=\"yt-core-attributed-string yt-core-attributed-string--white-space-pre-wrap\" role=\"text\">: Abwechslungsreich, eing\u00e4ngig und mitunter kantig \u2013 so pr\u00e4sentiert sich die als Indie-Electropop bezeichnete Melange aus Synthesizern, rockigen bis technoiden Beats und orchestralen Elementen. Die Songs erz\u00e4hlen von einst gro\u00dfen, doch vergangenen Dingen und von der Suche nach einem Platz zum Innehalten. <\/span><\/p>\n<p><strong>Mehr Infos:<\/strong><br>&#8211;&nbsp;<a href=\"https:\/\/empire-in-dust.de\/website\/info\/aptr\/\">Das Album A Place to Rest<\/a><br>&#8211;&nbsp;<a href=\"https:\/\/empire-in-dust.de\/website\/info\/band\/\">Bandhistorie<\/a><br>&#8211;&nbsp;<a href=\"https:\/\/empire-in-dust.de\/website\/info\/visual\/\">Visuelles<\/a><\/p>","protected":false},"excerpt":{"rendered":"<p>2023: Produktion von Riven Riven wird das neue Album von Empire in Dust hei\u00dfen. Paula st\u00f6\u00dft als &#8222;Keyboarderin in Ausbildung&#8220; zur Band. Die ersten neuen Songs werden in Tel Aviv im Mai uraufgef\u00fchrt \u2013 mit fantastischer Resonanz. Die St\u00fccke wirken &hellip; <a class=\"more-link\" href=\"https:\/\/empire-in-dust.de\/website\/info\/\">Weiterlesen <span class=\"meta-nav\">&rarr;<\/span><\/a><\/p>\n","protected":false},"author":2,"featured_media":0,"parent":0,"menu_order":2,"comment_status":"closed","ping_status":"closed","template":"","meta":{"ngg_post_thumbnail":0,"footnotes":""},"class_list":["post-11","page","type-page","status-publish","hentry"],"aioseo_notices":[],"_links":{"self":[{"href":"https:\/\/empire-in-dust.de\/website\/wp-json\/wp\/v2\/pages\/11","targetHints":{"allow":["GET"]}}],"collection":[{"href":"https:\/\/empire-in-dust.de\/website\/wp-json\/wp\/v2\/pages"}],"about":[{"href":"https:\/\/empire-in-dust.de\/website\/wp-json\/wp\/v2\/types\/page"}],"author":[{"embeddable":true,"href":"https:\/\/empire-in-dust.de\/website\/wp-json\/wp\/v2\/users\/2"}],"replies":[{"embeddable":true,"href":"https:\/\/empire-in-dust.de\/website\/wp-json\/wp\/v2\/comments?post=11"}],"version-history":[{"count":65,"href":"https:\/\/empire-in-dust.de\/website\/wp-json\/wp\/v2\/pages\/11\/revisions"}],"predecessor-version":[{"id":893,"href":"https:\/\/empire-in-dust.de\/website\/wp-json\/wp\/v2\/pages\/11\/revisions\/893"}],"wp:attachment":[{"href":"https:\/\/empire-in-dust.de\/website\/wp-json\/wp\/v2\/media?parent=11"}],"curies":[{"name":"wp","href":"https:\/\/api.w.org\/{rel}","templated":true}]}}